{"id":1373,"date":"2010-11-12T12:52:00","date_gmt":"2010-11-12T12:52:00","guid":{"rendered":"http:\/\/www.analisebioenergetica.com\/site\/?p=1"},"modified":"2019-08-21T13:15:54","modified_gmt":"2019-08-21T16:15:54","slug":"apresentacao","status":"publish","type":"page","link":"https:\/\/analisebioenergetica.org\/es\/apresentacao\/","title":{"rendered":"FLAAB"},"content":{"rendered":"<div id=\"fb-root\"><\/div>\n<p>La <strong>Federaci\u00f3n Latino Americana de An\u00e1lisis Bioenerg\u00e9tico<\/strong> es un Centro Cient\u00edfico Internacional Educativo en beneficio de la Psicoterapia corporal, formada por las Sociedades de An\u00e1lisis Bioenerg\u00e9tico de America Latina.<\/p>\n<p>La federaci\u00f3n tiene como objetivo la promoci\u00f3n y el desarrollo del An\u00e1lisis Bioenerg\u00e9tico (creada por los Dres. Alexander Lowen y John Perrakos, a partir de la teoria de W. Reich) y su aplicaci\u00f3n en las \u00e1reas psicoterap\u00e9uticas y psicosociales.<\/p>\n","protected":false},"excerpt":{"rendered":"<p>La Federaci\u00f3n Latino Americana de An\u00e1lisis Bioenerg\u00e9tico es un Centro Cient\u00edfico Internacional Educativo en beneficio de la Psicoterapia corporal, formada por las Sociedades de An\u00e1lisis Bioenerg\u00e9tico<span class=\"excerpt-hellip\"> [\u2026]<\/span><\/p>\n","protected":false},"author":1,"featured_media":0,"parent":0,"menu_order":0,"comment_status":"open","ping_status":"open","template":"","meta":{"footnotes":""},"class_list":["post-1373","page","type-page","status-publish","hentry"],"_links":{"self":[{"href":"https:\/\/analisebioenergetica.org\/es\/wp-json\/wp\/v2\/pages\/1373","targetHints":{"allow":["GET"]}}],"collection":[{"href":"https:\/\/analisebioenergetica.org\/es\/wp-json\/wp\/v2\/pages"}],"about":[{"href":"https:\/\/analisebioenergetica.org\/es\/wp-json\/wp\/v2\/types\/page"}],"author":[{"embeddable":true,"href":"https:\/\/analisebioenergetica.org\/es\/wp-json\/wp\/v2\/users\/1"}],"replies":[{"embeddable":true,"href":"https:\/\/analisebioenergetica.org\/es\/wp-json\/wp\/v2\/comments?post=1373"}],"version-history":[{"count":2,"href":"https:\/\/analisebioenergetica.org\/es\/wp-json\/wp\/v2\/pages\/1373\/revisions"}],"predecessor-version":[{"id":2774,"href":"https:\/\/analisebioenergetica.org\/es\/wp-json\/wp\/v2\/pages\/1373\/revisions\/2774"}],"wp:attachment":[{"href":"https:\/\/analisebioenergetica.org\/es\/wp-json\/wp\/v2\/media?parent=1373"}],"curies":[{"name":"wp","href":"https:\/\/api.w.org\/{rel}","templated":true}]}}