{"id":10,"date":"2010-11-12T15:02:00","date_gmt":"2010-11-12T15:02:00","guid":{"rendered":"http:\/\/www.analisebioenergetica.com\/site\/?p=10"},"modified":"2024-09-01T00:42:32","modified_gmt":"2024-09-01T03:42:32","slug":"sociedades-de-analise-bioenergetica","status":"publish","type":"page","link":"https:\/\/analisebioenergetica.org\/es\/sociedades-de-analise-bioenergetica\/","title":{"rendered":"Sociedades de An\u00e1lise Bioenerg\u00e9tica"},"content":{"rendered":"<div id=\"fb-root\"><\/div>\n<p><strong>AABNB &#8211; ASSOCIA\u00c7\u00c3O DE AN\u00c1LISE BIOENERG\u00c9TICA DO NORDESTE BRASILEIRO<\/strong><\/p>\n<p><a href=\"http:\/\/www.libertas.com.br\" target=\"_blank\" rel=\"noopener\">www.libertas.com.br<\/a><\/p>\n<p><strong>SOCIEDADE DE AN\u00c1LISE BIOENERG\u00c9TICA DE BRASILIA<\/strong><\/p>\n<p><strong>SABERJ &#8211; SOCIEDADE DE AN\u00c1LISE BIOENERG\u00c9TICA DO RIO DE JANEIRO<\/strong><\/p>\n<p><a href=\"http:\/\/www.saberj.com.br\" target=\"_blank\" rel=\"noopener\">www.saberj.com.br<\/a><\/p>\n<p><strong>SOBAB SP &#8211; SOCIEDADE BRASILEIRA DE AN\u00c1LISE BIENERG\u00c9TICA<\/strong><\/p>\n<p><a href=\"http:\/\/www.analisebioenergetica.com.br\" target=\"_blank\" rel=\"noopener\">www.analisebioenergetica.com.br<\/a><\/p>\n","protected":false},"excerpt":{"rendered":"<p>AABNB &#8211; ASSOCIA\u00c7\u00c3O DE AN\u00c1LISE BIOENERG\u00c9TICA DO NORDESTE BRASILEIRO www.libertas.com.br SOCIEDADE DE AN\u00c1LISE BIOENERG\u00c9TICA DE BRASILIA SABERJ &#8211; SOCIEDADE DE AN\u00c1LISE BIOENERG\u00c9TICA DO RIO DE JANEIRO<span class=\"excerpt-hellip\"> [\u2026]<\/span><\/p>\n","protected":false},"author":1,"featured_media":0,"parent":0,"menu_order":0,"comment_status":"open","ping_status":"closed","template":"","meta":{"footnotes":""},"class_list":["post-10","page","type-page","status-publish","hentry"],"_links":{"self":[{"href":"https:\/\/analisebioenergetica.org\/es\/wp-json\/wp\/v2\/pages\/10","targetHints":{"allow":["GET"]}}],"collection":[{"href":"https:\/\/analisebioenergetica.org\/es\/wp-json\/wp\/v2\/pages"}],"about":[{"href":"https:\/\/analisebioenergetica.org\/es\/wp-json\/wp\/v2\/types\/page"}],"author":[{"embeddable":true,"href":"https:\/\/analisebioenergetica.org\/es\/wp-json\/wp\/v2\/users\/1"}],"replies":[{"embeddable":true,"href":"https:\/\/analisebioenergetica.org\/es\/wp-json\/wp\/v2\/comments?post=10"}],"version-history":[{"count":3,"href":"https:\/\/analisebioenergetica.org\/es\/wp-json\/wp\/v2\/pages\/10\/revisions"}],"predecessor-version":[{"id":2970,"href":"https:\/\/analisebioenergetica.org\/es\/wp-json\/wp\/v2\/pages\/10\/revisions\/2970"}],"wp:attachment":[{"href":"https:\/\/analisebioenergetica.org\/es\/wp-json\/wp\/v2\/media?parent=10"}],"curies":[{"name":"wp","href":"https:\/\/api.w.org\/{rel}","templated":true}]}}